{"id":4,"date":"2016-09-11T14:18:25","date_gmt":"2016-09-11T12:18:25","guid":{"rendered":"http:\/\/mariannemuller.fr\/?page_id=4"},"modified":"2022-03-14T09:15:38","modified_gmt":"2022-03-14T08:15:38","slug":"biographie","status":"publish","type":"page","link":"http:\/\/mariannemuller.fr\/en\/biographie\/","title":{"rendered":"Biography"},"content":{"rendered":"<p><\/p>\n<div class=\"col2of2\">\n<div class=\"quote-home\">\n<h2>&#8220;<i><span lang=\"EN-US\">As a musician, I am fulfilled playing the viola da gamba, which has very diverse roles in a great variety of styles. Exploring them and sharing them is a source of endless joy<\/span><\/i>.&#8221;<\/h2>\n<\/div>\n<p><em>A<\/em>fter completing a curriculum in Early Music at the Schola Cantorum in Paris, Marianne Muller chose the viola da gamba as the instrument with which she would&nbsp; embark on her life as a musician. She went on to study with Wieland Kuijken at the Royal Conservatory in The Hague and received her solo degree.<\/p>\n<p>A participant as well as a witness of the Baroque revival, Marianne Muller has long been active as an accomplished concert performer; her career has taken her around the world both as a soloist and as a chamber musician. Audiences have heard her perform with ensembles such as \u201cLes Arts Florissants\u201d, \u201cLa Chapelle Royale, Amalia, Hesp\u00e8rion XXI, Les El\u00e9ments, Les Ni\u00e8ces de Rameau, Gilles Binchois, William Byrd, Akad\u00eamia and Les Inventions.<\/p>\n<p>In 2005, she created the musical ensemble &nbsp;<a href=\"http:\/\/mariannemuller.fr\/en\/repertoire\/spirale\/\">Spirale<\/a>&nbsp;, thus giving a name to the group of musicians with whom she had been performing for many years already, exploring the solo repertoire for bass viola da gamba. Another major focus of her activity is music for viol consorts, which she plays on a regular basis as a member of the ensemble <a href=\"http:\/\/mariannemuller.fr\/en\/repertoire\/les-fantaisistes\/\">Les Fantaisistes<\/a>.<\/p>\n<p>Marianne\u2019s fondness for the theater has often led her onstage,&nbsp; in particular with the group <em>Docteur Lully et Mister Haydn<\/em>founded by actress Catherine Th\u00e9rouenne.<\/p>\n<p>Other frequent performing partners include Fran\u00e7oise Lengell\u00e9, Chiara Banchini,&nbsp;Gilles Harl\u00e9, Alice Pi\u00e9rot and the ensemble Amarillis.<\/p>\n<p>She also enjoys extending her repertoire to include contemporary music, creating many new compositions by Bruno Gillet, Eric Fischer and Thierry Tidrow, as well as playing for dance companies,&nbsp; both baroque, in collaboration with Compagnie L&#8217;\u00c9ventail, under Marie-Genevi\u00e8ve Mass\u00e9&#8230;) and contemporary .<\/p>\n<p>In 2016, Marianne met accordionist Vincent Lhermet: together, they founded the ensemble <a href=\"http:\/\/mariannemuller.fr\/en\/repertoire\/les-inattendus\/\">les inAttendus<\/a>, combining their talents in an unconventional but self-evident duet. Their endless curiosity has led them to roam through past and present repertoires together.<\/p>\n<p>Marianne has taught viola da gamba since 1981, first in Toulouse and Cergy-Pontoise, near Paris, then at the Regional Conservatoire in Boulogne-Billancourt, opening the viola da gamba classes in the latter two. She has also taught at the&nbsp;Conservatoire National Sup\u00e9rieur de Musique et de Danse in Lyon, France, ever since the Early music Department was created there in 1988; since then she has never ceased to develop her teaching in new directions while continuing to probe the early-music-repertoire.&nbsp; She is often called upon to teach master classes in French Conservatoires or for Academies both in France, in Barbastre,&nbsp;Nice and Sabl\u00e9, Nice&#8230;) and abroad, in the United States, Israel, Mexico, Brazil, Switzerland, the Czech Republic, Germany and Spain.<\/p>\n<p>Marianne has released a number of highly diverse <a href=\"http:\/\/mariannemuller.fr\/en\/discographie\/\">recordings<\/a>, many of which have received recognition and awards.<\/p>\n<\/div>\n<p><\/p>","protected":false},"excerpt":{"rendered":"<p>&#8220;As a musician, I am fulfilled playing the viola da gamba, which has very diverse roles in a great variety of styles. Exploring them and sharing them is a source of endless joy.&#8221; After completing a curriculum in Early Music at the Schola Cantorum in Paris, Marianne Muller chose the viola da gamba as the &hellip; <a href=\"http:\/\/mariannemuller.fr\/en\/biographie\/\" class=\"more-link\">Continue reading<span class=\"screen-reader-text\"> &#8220;Biography&#8221;<\/span><\/a><\/p>\n","protected":false},"author":1,"featured_media":0,"parent":0,"menu_order":0,"comment_status":"closed","ping_status":"closed","template":"page-biography.php","meta":{"footnotes":""},"_links":{"self":[{"href":"http:\/\/mariannemuller.fr\/en\/wp-json\/wp\/v2\/pages\/4"}],"collection":[{"href":"http:\/\/mariannemuller.fr\/en\/wp-json\/wp\/v2\/pages"}],"about":[{"href":"http:\/\/mariannemuller.fr\/en\/wp-json\/wp\/v2\/types\/page"}],"author":[{"embeddable":true,"href":"http:\/\/mariannemuller.fr\/en\/wp-json\/wp\/v2\/users\/1"}],"replies":[{"embeddable":true,"href":"http:\/\/mariannemuller.fr\/en\/wp-json\/wp\/v2\/comments?post=4"}],"version-history":[{"count":12,"href":"http:\/\/mariannemuller.fr\/en\/wp-json\/wp\/v2\/pages\/4\/revisions"}],"predecessor-version":[{"id":940,"href":"http:\/\/mariannemuller.fr\/en\/wp-json\/wp\/v2\/pages\/4\/revisions\/940"}],"wp:attachment":[{"href":"http:\/\/mariannemuller.fr\/en\/wp-json\/wp\/v2\/media?parent=4"}],"curies":[{"name":"wp","href":"https:\/\/api.w.org\/{rel}","templated":true}]}}