{"id":12,"date":"2016-09-11T14:19:18","date_gmt":"2016-09-11T12:19:18","guid":{"rendered":"http:\/\/mariannemuller.fr\/?page_id=12"},"modified":"2018-09-09T15:07:02","modified_gmt":"2018-09-09T13:07:02","slug":"pedagogie","status":"publish","type":"page","link":"http:\/\/mariannemuller.fr\/en\/pedagogie\/","title":{"rendered":"P\u00e9dagogie"},"content":{"rendered":"<p><img decoding=\"async\" class=\"w100\" src=\"http:\/\/mariannemuller.fr\/wp-content\/uploads\/2016\/11\/Hurtebise.jpg\" \/><\/p>\n<div class=\"col2of3 pedagogy\">\n<h3>Pr\u00e9sentation de la classe de viole au CNSMD de Lyon<\/h3>\n<p class=\"subtitle-style\">VIOLE DE GAMBE<\/p>\n<p class=\"listen\">Responsable p\u00e9dagogique : Marianne Muller<\/p>\n<p>Ouverte d\u00e8s 1988, la classe de viole tient \u00e0 aborder l\u2019ensemble des aspects de cet instrument aux multiples fonctions. Le r\u00e9pertoire commence donc \u00e0 la Renaissance, incluant le consort dont l\u2019enseignement est lui aussi hebdomadaire.<\/p>\n<p>La vaste p\u00e9riode baroque, qui d\u00e9veloppe une \u00e9criture soliste ou \u00ab oblig\u00e9e \u00bb extr\u00eamement vari\u00e9e, est largement travaill\u00e9e, touchant tous les styles et techniques de chacun des pays d\u2019Europe et parfois au-del\u00e0.<\/p>\n<p>La musique contemporaine est la bienvenue, permettant parfois des collaborations avec les \u00e9tudiants compositeurs de l\u2019\u00e9tablissement. La classe rencontre de temps en temps le d\u00e9partement de danse, et plus sp\u00e9cifiquement de danse contemporaine, pour des ateliers libres de suivre l\u2019imagination de chacun.<\/p>\n<p>Le <a href=\"http:\/\/www.cnsmd-lyon.fr\" target=\"_blank\" rel=\"noopener noreferrer\">CNSMD<\/a> met \u00e0 la disposition des \u00e9tudiants : un quatuor renaissance, un septuor baroque, un violone, une viole baroque \u00e0 sept cordes et un lirone. Il existe aussi quatre vi\u00e8les, dont une pratique suivie se fait principalement aupr\u00e8s de Pierre Hamon, en musique d\u2019ensemble, et gr\u00e2ce \u00e0 des master-classes.<\/p>\n<p>Pour en savoir plus, rendez-vous sur notre <a href=\"http:\/\/www.cnsmd-lyon.fr\" target=\"_blank\" rel=\"noopener noreferrer\">D\u00e9partement de Musiques Anciennes<\/a><\/p>\n<p><img decoding=\"async\" class=\"w100\" src=\"http:\/\/mariannemuller.fr\/wp-content\/uploads\/2016\/12\/muller-lyon.jpg\" \/><\/p>\n<p class=\"margin-top-m\"><span class=\"first-letter playfair\">D<\/span>epuis toujours int\u00e9ress\u00e9e par la transmission, l&#8217;exp\u00e9rience que j&#8217;ai eu la chance d&#8217;avoir en enseignant dans plusieurs \u00e9tablissements n&#8217;a fait que grandir \u00e0 mes yeux l&#8217;importance de ce travail.<\/p>\n<p>Le Conservatoire de Cergy-Pontoise, le Cepma puis le Conservatoire de Toulouse, le Conservatoire de Boulogne-Billancourt et enfin depuis 1988, le <a href=\"http:\/\/www.cnsmd-lyon.fr\" target=\"_blank\" rel=\"noopener noreferrer\">CNSMD de Lyon<\/a> m&#8217;ont donn\u00e9 l&#8217;occasion de m&#8217;adresser \u00e0 de multiples personnes, de tous \u00e2ges, de tout niveaux avec le m\u00eame plaisir.<\/p>\n<p>Ce qui m&#8217;int\u00e9resse dans l&#8217;enseignement de la viole de gambe, c&#8217;est bien s\u00fbr la musique, mais ce sont d&#8217;abord les personnes, aussi diff\u00e9rentes qu&#8217;elle puissent \u00eatre et le rester ! Voil\u00e0 ce qui rend cette profession, cette fonction, passionnante et jamais redondante. Nous avons eu la chance en France de ne trouver aucun obstacle \u00e0 commencer les enfants de 5 ou 6 ans \u00e0 la viole de gambe. Ces jeunes personnes sont maintenant de jeunes adultes pour qui la musique ancienne est naturelle et la viole tout \u00e0 fait famili\u00e8re.<\/p>\n<p>Mais l&#8217;international est aussi passionnant car, voir arriver de jeunes musiciens autodidactes, qui parfois viennent de l&#8217;autre bout du monde, pour d\u00e9couvrir la suite de ce qu&#8217;ils ont d\u00e9j\u00e0 imagin\u00e9, est une sorte de cadeau pour un professeur. Le m\u00e9lange des cultures au sein du conservatoire de Lyon, notamment, enrichit bien s\u00fbr toute la classe, tout le d\u00e9partement et l&#8217;\u00e9tablissement pas extension. Les stages, les acad\u00e9mies, les master class que ce soit \u00e0 Barbastre, \u00e0 J\u00e9rusalem, \u00e0 Saintes, \u00e0 Mexico, \u00e0 Los Angeles, \u00e0 Sabl\u00e9, \u00e0 Juiz de Fora, \u00e0 Bremen, \u00e0 Nice&#8230; attirent des violistes toujours aussi divers et curieux.<\/p>\n<p>La viole de gambe est un de ces instruments dont la posture est vraiment tr\u00e8s asym\u00e9trique. Mon attention se pose depuis toujours sur ce point, cherchant un \u00e9quilibre musculaire, une d\u00e9tente donc, et par cons\u00e9quent une plus grande libert\u00e9, un bel imaginaire foisonnant.<\/p>\n<p>Un imaginaire, certes, et aussi une fine \u00e9coute pour arriver, tout en gardant sa personnalit\u00e9, \u00e0 diff\u00e9rencier des types de jeux suivant les r\u00e9pertoires abord\u00e9s. Les trois si\u00e8cles de musique que couvre la viole, sans compter les compositeurs d&#8217;aujourd&#8217;hui, exigent une vive connaissance de chaque \u00e9poque et de chaque pays.<\/p>\n<p><img decoding=\"async\" class=\"w100\" src=\"http:\/\/mariannemuller.fr\/wp-content\/uploads\/2016\/11\/mmuller-pedagogie.jpg\" \/><\/p>\n<p>Voir sur Youtube <a href=\"https:\/\/www.youtube.com\/watch?v=t6yWNi0rDZ0\" target=\"_blank\" rel=\"noopener noreferrer\">une vid\u00e9o de Acad\u00e9mie Internationale d\u2019\u00c9t\u00e9 de Nice<\/a><\/p>\n<\/div>\n<p><\/p>","protected":false},"excerpt":{"rendered":"<p>Pr\u00e9sentation de la classe de viole au CNSMD de Lyon VIOLE DE GAMBE Responsable p\u00e9dagogique : Marianne Muller Ouverte d\u00e8s 1988, la classe de viole tient \u00e0 aborder l\u2019ensemble des aspects de cet instrument aux multiples fonctions. Le r\u00e9pertoire commence donc \u00e0 la Renaissance, incluant le consort dont l\u2019enseignement est lui aussi hebdomadaire. La vaste &hellip; <a href=\"http:\/\/mariannemuller.fr\/en\/pedagogie\/\" class=\"more-link\">Continue reading<span class=\"screen-reader-text\"> &#8220;P\u00e9dagogie&#8221;<\/span><\/a><\/p>\n","protected":false},"author":1,"featured_media":0,"parent":0,"menu_order":0,"comment_status":"closed","ping_status":"closed","template":"page-pedagogy.php","meta":{"footnotes":""},"_links":{"self":[{"href":"http:\/\/mariannemuller.fr\/en\/wp-json\/wp\/v2\/pages\/12"}],"collection":[{"href":"http:\/\/mariannemuller.fr\/en\/wp-json\/wp\/v2\/pages"}],"about":[{"href":"http:\/\/mariannemuller.fr\/en\/wp-json\/wp\/v2\/types\/page"}],"author":[{"embeddable":true,"href":"http:\/\/mariannemuller.fr\/en\/wp-json\/wp\/v2\/users\/1"}],"replies":[{"embeddable":true,"href":"http:\/\/mariannemuller.fr\/en\/wp-json\/wp\/v2\/comments?post=12"}],"version-history":[{"count":7,"href":"http:\/\/mariannemuller.fr\/en\/wp-json\/wp\/v2\/pages\/12\/revisions"}],"predecessor-version":[{"id":743,"href":"http:\/\/mariannemuller.fr\/en\/wp-json\/wp\/v2\/pages\/12\/revisions\/743"}],"wp:attachment":[{"href":"http:\/\/mariannemuller.fr\/en\/wp-json\/wp\/v2\/media?parent=12"}],"curies":[{"name":"wp","href":"https:\/\/api.w.org\/{rel}","templated":true}]}}